{"id":2530,"date":"2021-03-31T08:15:21","date_gmt":"2021-03-31T06:15:21","guid":{"rendered":"https:\/\/malinolsson.se\/?page_id=2530"},"modified":"2021-03-31T21:10:32","modified_gmt":"2021-03-31T19:10:32","slug":"kontakt","status":"publish","type":"page","link":"https:\/\/malinolsson.se\/index.php\/kontakt\/","title":{"rendered":"Kontakta mig"},"content":{"rendered":"<p>[vc_row][vc_column width=&#8221;1\/2&#8243;][vc_empty_space][vc_column_text]<\/p>\n<h2>Kontakta mig<\/h2>\n<p>[\/vc_column_text]<p>Svarar snabbast via telefon men du kan \u00e4ven maila in din bokningsf\u00f6rfr\u00e5gan.<\/p><hr><h5><i class=\"fa fa-map-marker fa-fw fa-lg\"><\/i> Betesv\u00e4gen 15, H\u00e4rn\u00f6sand<\/h5><h5><i class=\"fa fa-envelope fa-fw fa-lg\"><\/i> <a href=\"mailto:boka@malinolsson.se\">boka@malinolsson.se<\/a><\/h5><h5><i class=\"fa fa-phone fa-fw fa-lg\"><\/i> <a href=\"tel:070-555 82 62\">070-555 82 62<\/a><\/h5>[\/vc_column][vc_column width=&#8221;1\/2&#8243;][vc_empty_space height=&#8221;44px&#8221;]<div role=\"form\" class=\"wpcf7\" id=\"wpcf7-f1391-o1\" lang=\"en-US\" dir=\"ltr\">\n<div class=\"screen-reader-response\"><p role=\"status\" aria-live=\"polite\" aria-atomic=\"true\"><\/p> <ul><\/ul><\/div>\n<form action=\"\/index.php\/wp-json\/wp\/v2\/pages\/2530#wpcf7-f1391-o1\" method=\"post\" class=\"wpcf7-form init\" novalidate=\"novalidate\" data-status=\"init\">\n<div style=\"display: none;\">\n<input type=\"hidden\" name=\"_wpcf7\" value=\"1391\" \/>\n<input type=\"hidden\" name=\"_wpcf7_version\" value=\"5.4\" \/>\n<input type=\"hidden\" name=\"_wpcf7_locale\" value=\"en_US\" \/>\n<input type=\"hidden\" name=\"_wpcf7_unit_tag\" value=\"wpcf7-f1391-o1\" \/>\n<input type=\"hidden\" name=\"_wpcf7_container_post\" value=\"0\" \/>\n<input type=\"hidden\" name=\"_wpcf7_posted_data_hash\" value=\"\" \/>\n<\/div>\n<div class=\"form-group floating-label-form-group controls\"><label for=\"name\" class=\"sr-only control-label\">Namn*<\/label><span class=\"wpcf7-form-control-wrap your-name\"><input type=\"text\" name=\"your-name\" value=\"\" size=\"40\" class=\"wpcf7-form-control wpcf7-text wpcf7-validates-as-required\" aria-required=\"true\" aria-invalid=\"false\" placeholder=\"Namn\" \/><\/span><\/div>\n<div class=\"form-group floating-label-form-group controls\"><label for=\"email\" class=\"sr-only control-label\">E-post*<\/label><span class=\"wpcf7-form-control-wrap your-email\"><input type=\"email\" name=\"your-email\" value=\"\" size=\"40\" class=\"wpcf7-form-control wpcf7-text wpcf7-email wpcf7-validates-as-required wpcf7-validates-as-email\" aria-required=\"true\" aria-invalid=\"false\" placeholder=\"E-post\" \/><\/span><\/div>\n<div class=\"form-group floating-label-form-group controls\"><label for=\"phone\" class=\"sr-only control-label\">Telefon<\/label><span class=\"wpcf7-form-control-wrap your-phone\"><input type=\"text\" name=\"your-phone\" value=\"\" size=\"40\" class=\"wpcf7-form-control wpcf7-text\" aria-invalid=\"false\" placeholder=\"Telefon\" \/><\/span><\/div>\n<div class=\"form-group floating-label-form-group controls\"><label for=\"message\" class=\"sr-only control-label\">Meddelande<\/label><span class=\"wpcf7-form-control-wrap your-message\"><textarea name=\"your-message\" cols=\"40\" rows=\"10\" class=\"wpcf7-form-control wpcf7-textarea\" aria-invalid=\"false\" placeholder=\"Meddelande\"><\/textarea><\/span><\/div>\n<p><input type=\"submit\" value=\"Skicka\" class=\"wpcf7-form-control wpcf7-submit\" \/><\/p>\n<div class=\"wpcf7-response-output\" aria-hidden=\"true\"><\/div><\/form><\/div>[\/vc_column][\/vc_row]<\/p>\n","protected":false},"excerpt":{"rendered":"<p>[vc_row][vc_column width=&#8221;1\/2&#8243;][vc_empty_space][vc_column_text] Kontakta mig [\/vc_column_text][\/vc_column][vc_column width=&#8221;1\/2&#8243;][vc_empty_space height=&#8221;44px&#8221;][\/vc_column][\/vc_row]<\/p>\n","protected":false},"author":1,"featured_media":2485,"parent":0,"menu_order":0,"comment_status":"closed","ping_status":"closed","template":"visual-composer.php","meta":[],"_links":{"self":[{"href":"https:\/\/malinolsson.se\/index.php\/wp-json\/wp\/v2\/pages\/2530"}],"collection":[{"href":"https:\/\/malinolsson.se\/index.php\/wp-json\/wp\/v2\/pages"}],"about":[{"href":"https:\/\/malinolsson.se\/index.php\/wp-json\/wp\/v2\/types\/page"}],"author":[{"embeddable":true,"href":"https:\/\/malinolsson.se\/index.php\/wp-json\/wp\/v2\/users\/1"}],"replies":[{"embeddable":true,"href":"https:\/\/malinolsson.se\/index.php\/wp-json\/wp\/v2\/comments?post=2530"}],"version-history":[{"count":7,"href":"https:\/\/malinolsson.se\/index.php\/wp-json\/wp\/v2\/pages\/2530\/revisions"}],"predecessor-version":[{"id":2542,"href":"https:\/\/malinolsson.se\/index.php\/wp-json\/wp\/v2\/pages\/2530\/revisions\/2542"}],"wp:featuredmedia":[{"embeddable":true,"href":"https:\/\/malinolsson.se\/index.php\/wp-json\/wp\/v2\/media\/2485"}],"wp:attachment":[{"href":"https:\/\/malinolsson.se\/index.php\/wp-json\/wp\/v2\/media?parent=2530"}],"curies":[{"name":"wp","href":"https:\/\/api.w.org\/{rel}","templated":true}]}}