{"id":2451,"date":"2021-03-27T20:32:02","date_gmt":"2021-03-27T19:32:02","guid":{"rendered":"https:\/\/malinolsson.se\/?page_id=2451"},"modified":"2021-03-28T09:10:11","modified_gmt":"2021-03-28T07:10:11","slug":"lash-lift","status":"publish","type":"page","link":"https:\/\/malinolsson.se\/index.php\/lash-lift\/","title":{"rendered":"Lash Lift"},"content":{"rendered":"<p>[vc_row][vc_column][vc_empty_space height=&#8221;80px&#8221;]<div class=\"promo-block center \"><h2>Lash Lift<\/h2><p>Lash Lift \u00e4r en skonsam behandling som ger ett stort lyft f\u00f6r \u00f6gat. Det \u00e4r en semi- permanent fransb\u00f6jning som h\u00e5ller 6-12 veckor beroende p\u00e5 din tillv\u00e4xt av nya fransar och sk\u00f6tsel.<\/p>\r\n              <\/div><div class=\"promo-block center \"><h3>Att t\u00e4nka p\u00e5:<\/h3><p>Har du k\u00e4nsliga \u00f6gon h\u00f6r g\u00e4rna av dig f\u00f6r en konsultation. Kom g\u00e4rna utan smink runt \u00f6gonen. Har du linser s\u00e5 tar du ut dem under behandlingen.<\/p>\r\n              <\/div><div class=\"promo-block center \"><h3>Efterv\u00e5rd:<\/h3><p>T\u00e4nk p\u00e5 att inte anv\u00e4nda smink eller andra produkter kring \u00f6gonen de n\u00e4rmsta 24 timmarna helst 48 timmar f\u00f6r b\u00e4sta resultat. Undvik ocks\u00e5 bastu eller \u00e5nga under det n\u00e4rmsta dygnen.<\/p>\r\n              <\/div>[vc_empty_space height=&#8221;50px&#8221;][\/vc_column][\/vc_row][vc_row][vc_column width=&#8221;1\/2&#8243;][vc_column_text]<\/p>\n<h2 style=\"text-align: center;\">F\u00d6RE<\/h2>\n<p>[\/vc_column_text][vc_single_image image=&#8221;2473&#8243; img_size=&#8221;full&#8221; alignment=&#8221;center&#8221;][\/vc_column][vc_column width=&#8221;1\/2&#8243;][vc_column_text]<\/p>\n<h2 style=\"text-align: center;\">EFTER<\/h2>\n<p>[\/vc_column_text][vc_single_image image=&#8221;2474&#8243; img_size=&#8221;full&#8221; alignment=&#8221;center&#8221;][\/vc_column][\/vc_row][vc_row][vc_column][vc_empty_space height=&#8221;80px&#8221;][vc_column_text]<\/p>\n<h3 style=\"text-align: center;\">Kontakta mig om du har fr\u00e5gor eller vill boka tid.<\/h3>\n<p>[\/vc_column_text][\/vc_column][\/vc_row][vc_row][vc_column]<div role=\"form\" class=\"wpcf7\" id=\"wpcf7-f1391-o1\" lang=\"en-US\" dir=\"ltr\">\n<div class=\"screen-reader-response\"><p role=\"status\" aria-live=\"polite\" aria-atomic=\"true\"><\/p> <ul><\/ul><\/div>\n<form action=\"\/index.php\/wp-json\/wp\/v2\/pages\/2451#wpcf7-f1391-o1\" method=\"post\" class=\"wpcf7-form init\" novalidate=\"novalidate\" data-status=\"init\">\n<div style=\"display: none;\">\n<input type=\"hidden\" name=\"_wpcf7\" value=\"1391\" \/>\n<input type=\"hidden\" name=\"_wpcf7_version\" value=\"5.4\" \/>\n<input type=\"hidden\" name=\"_wpcf7_locale\" value=\"en_US\" \/>\n<input type=\"hidden\" name=\"_wpcf7_unit_tag\" value=\"wpcf7-f1391-o1\" \/>\n<input type=\"hidden\" name=\"_wpcf7_container_post\" value=\"0\" \/>\n<input type=\"hidden\" name=\"_wpcf7_posted_data_hash\" value=\"\" \/>\n<\/div>\n<div class=\"form-group floating-label-form-group controls\"><label for=\"name\" class=\"sr-only control-label\">Namn*<\/label><span class=\"wpcf7-form-control-wrap your-name\"><input type=\"text\" name=\"your-name\" value=\"\" size=\"40\" class=\"wpcf7-form-control wpcf7-text wpcf7-validates-as-required\" aria-required=\"true\" aria-invalid=\"false\" placeholder=\"Namn\" \/><\/span><\/div>\n<div class=\"form-group floating-label-form-group controls\"><label for=\"email\" class=\"sr-only control-label\">E-post*<\/label><span class=\"wpcf7-form-control-wrap your-email\"><input type=\"email\" name=\"your-email\" value=\"\" size=\"40\" class=\"wpcf7-form-control wpcf7-text wpcf7-email wpcf7-validates-as-required wpcf7-validates-as-email\" aria-required=\"true\" aria-invalid=\"false\" placeholder=\"E-post\" \/><\/span><\/div>\n<div class=\"form-group floating-label-form-group controls\"><label for=\"phone\" class=\"sr-only control-label\">Telefon<\/label><span class=\"wpcf7-form-control-wrap your-phone\"><input type=\"text\" name=\"your-phone\" value=\"\" size=\"40\" class=\"wpcf7-form-control wpcf7-text\" aria-invalid=\"false\" placeholder=\"Telefon\" \/><\/span><\/div>\n<div class=\"form-group floating-label-form-group controls\"><label for=\"message\" class=\"sr-only control-label\">Meddelande<\/label><span class=\"wpcf7-form-control-wrap your-message\"><textarea name=\"your-message\" cols=\"40\" rows=\"10\" class=\"wpcf7-form-control wpcf7-textarea\" aria-invalid=\"false\" placeholder=\"Meddelande\"><\/textarea><\/span><\/div>\n<p><input type=\"submit\" value=\"Skicka\" class=\"wpcf7-form-control wpcf7-submit\" \/><\/p>\n<div class=\"wpcf7-response-output\" aria-hidden=\"true\"><\/div><\/form><\/div>[\/vc_column][\/vc_row]<\/p>\n","protected":false},"excerpt":{"rendered":"<p>[vc_row][vc_column][vc_empty_space height=&#8221;80px&#8221;][vc_empty_space height=&#8221;50px&#8221;][\/vc_column][\/vc_row][vc_row][vc_column width=&#8221;1\/2&#8243;][vc_column_text] F\u00d6RE [\/vc_column_text][vc_single_image image=&#8221;2473&#8243; img_size=&#8221;full&#8221; alignment=&#8221;center&#8221;][\/vc_column][vc_column width=&#8221;1\/2&#8243;][vc_column_text] EFTER [\/vc_column_text][vc_single_image image=&#8221;2474&#8243; img_size=&#8221;full&#8221; alignment=&#8221;center&#8221;][\/vc_column][\/vc_row][vc_row][vc_column][vc_empty_space height=&#8221;80px&#8221;][vc_column_text] Kontakta mig om du har fr\u00e5gor eller vill boka tid. [\/vc_column_text][\/vc_column][\/vc_row][vc_row][vc_column][\/vc_column][\/vc_row]<\/p>\n","protected":false},"author":1,"featured_media":2485,"parent":0,"menu_order":0,"comment_status":"closed","ping_status":"closed","template":"visual-composer.php","meta":[],"_links":{"self":[{"href":"https:\/\/malinolsson.se\/index.php\/wp-json\/wp\/v2\/pages\/2451"}],"collection":[{"href":"https:\/\/malinolsson.se\/index.php\/wp-json\/wp\/v2\/pages"}],"about":[{"href":"https:\/\/malinolsson.se\/index.php\/wp-json\/wp\/v2\/types\/page"}],"author":[{"embeddable":true,"href":"https:\/\/malinolsson.se\/index.php\/wp-json\/wp\/v2\/users\/1"}],"replies":[{"embeddable":true,"href":"https:\/\/malinolsson.se\/index.php\/wp-json\/wp\/v2\/comments?post=2451"}],"version-history":[{"count":7,"href":"https:\/\/malinolsson.se\/index.php\/wp-json\/wp\/v2\/pages\/2451\/revisions"}],"predecessor-version":[{"id":2526,"href":"https:\/\/malinolsson.se\/index.php\/wp-json\/wp\/v2\/pages\/2451\/revisions\/2526"}],"wp:featuredmedia":[{"embeddable":true,"href":"https:\/\/malinolsson.se\/index.php\/wp-json\/wp\/v2\/media\/2485"}],"wp:attachment":[{"href":"https:\/\/malinolsson.se\/index.php\/wp-json\/wp\/v2\/media?parent=2451"}],"curies":[{"name":"wp","href":"https:\/\/api.w.org\/{rel}","templated":true}]}}